{"id":3634,"date":"2024-11-05T16:00:50","date_gmt":"2024-11-05T15:00:50","guid":{"rendered":"https:\/\/holistimeli.com\/?page_id=3634"},"modified":"2025-01-05T12:56:10","modified_gmt":"2025-01-05T11:56:10","slug":"drainage","status":"publish","type":"page","link":"https:\/\/holistimeli.com\/index.php\/drainage\/","title":{"rendered":"Drainage lymphatique"},"content":{"rendered":"<div  class=\"one fullwidth \"><\/div>\n<div class=\"standard_wrapper\">\n<div class=\"one withsmallpadding ppb_line_divider\"  style=\"text-align:left;padding:0px 0 0px 0;\" >\n<div class=\"page_content_wrapper wide\">\n<div class=\"inner\">\n<div class=\"line_divider_border\" style=\"width:100px;border-color:#fef6f1;\"><\/div>\n<div class=\"line_divider_seperator\"><i class=\"fa fa-leaf\" style=\"color:#fef6f1;\"><\/i><\/div>\n<div class=\"line_divider_border\" style=\"width:100px;border-color:#fef6f1;\"><\/div>\n<\/div>\n<\/div>\n<\/div>\n<\/div>\n<div  class=\"one withsmallpadding ppb_header \" style=\"text-align:center;padding:40px 0 40px 0;color:#000000;\" >\n<div class=\"standard_wrapper\">\n<div class=\"page_content_wrapper wide\">\n<div class=\"inner\">\n<div style=\"margin:auto;width:100%\">\n<h2 class=\"ppb_title\" style=\"color:#f39c61;\">Drainage lymphatique corps Renata Fran\u00e7a<\/h2>\n<div class=\"page_tagline\" style=\"color:#000000;\">Un soin d\u00e9toxifiant et revitalisant qui stimule la circulation lymphatique, r\u00e9duit la r\u00e9tention d&#039;eau et affine la silhouette en \u00e9liminant les toxines et en am\u00e9liorant l&#039;immunit\u00e9.<\/div>\n<\/div>\n<\/div>\n<\/div>\n<\/div>\n<\/div>\n<div  class=\"one ppb_card_two_cols_with_image\" style=\"position:relative;padding:40px 0 40px 0;\" >\n<div class=\"standard_wrapper\">\n<div class=\"page_content_wrapper wide\">\n<div class=\"inner\">\n<div class=\"one_half parallax_scroll_image\" style=\"width:65%;\">\n<div class=\"image_classic_frame expand\">\n<div class=\"image_wrapper\"><img decoding=\"async\" src=\"http:\/\/holistimeli.com\/wp-content\/uploads\/2024\/12\/logo-vertical-noir-or-1024x577-1.jpg\" alt=\"\" class=\"portfolio_img\"\/><\/div>\n<\/div>\n<\/div>\n<div class=\"one_half last parallax_scroll parallax_text\" style=\"width:40%;position:absolute;padding:40px;background:#fff;\" data-stellar-ratio=\"1.3\">\n<h2 class=\"ppb_title\" style=\"color:#f39c61;\">D\u00e9tox, Bien-\u00eatre et Silhouette Redessin\u00e9e<\/h2>\n<div class=\"ppb_header_content\">\n<p>Renata Fran\u00e7a, fondatrice de la c\u00e9l\u00e8bre m\u00e9thode qui porte son nom, est une masseuse br\u00e9silienne de renomm\u00e9e mondiale. Gr\u00e2ce \u00e0 ses techniques r\u00e9volutionnaires de massage, elle a transform\u00e9 le bien-\u00eatre et la beaut\u00e9 de milliers de personnes. Sa m\u00e9thode repose sur des mouvements pr\u00e9cis et dynamiques qui apportent des r\u00e9sultats visibles d\u00e8s la premi\u00e8re s\u00e9ance.<br \/>\nLe drainage lymphatique corps est l&rsquo;une des signatures phares de sa m\u00e9thode. Bien plus qu&rsquo;un massage classique, il associe drainage lymphatique et effets th\u00e9rapeutiques pour une exp\u00e9rience unique, \u00e0 la fois relaxante et revitalisante. En plus de ses nombreux bienfaits, ce soin agit efficacement pour \u00e9liminer la cellulite aqueuse, li\u00e9e \u00e0 la r\u00e9tention d&rsquo;eau, laissant une peau plus lisse et une silhouette harmonieuse.<\/p>\n<\/div>\n<\/div>\n<p><br class=\"clear\"\/><\/div>\n<\/div>\n<\/div>\n<\/div>\n<\/div>\n<div class=\"standard_wrapper\">\n<div class=\"one withsmallpadding ppb_line_divider\"  style=\"text-align:center;padding:0px 0 0px 0;margin-top:30px;margin-bottom:30px;\" >\n<div class=\"page_content_wrapper wide\">\n<div class=\"inner\">\n<div class=\"line_divider_border\" style=\"width:100px;border-color:#fef6f1;\"><\/div>\n<div class=\"line_divider_seperator\"><i class=\"fa fa-leaf\" style=\"color:#fef6f1;\"><\/i><\/div>\n<div class=\"line_divider_border\" style=\"width:100px;border-color:#fef6f1;\"><\/div>\n<\/div>\n<\/div>\n<\/div>\n<\/div>\n<div class=\"divider one\">&nbsp;<\/div>\n<div  class=\"one withsmallpadding ppb_text\" style=\"text-align:center;padding:40px 0 40px 0;background-color:#ffffff;\" >\n<div class=\"standard_wrapper\">\n<div class=\"page_content_wrapper wide\">\n<div class=\"inner\">\n<div style=\"margin:auto;width:100%\">\n<blockquote>\n<p>Un Massage Esth\u00e9tique et Th\u00e9rapeutique<\/p>\n<\/blockquote>\n<p>Le drainage lymphatique Renata Fran\u00e7a agit sur tout le corps pour relancer la circulation lymphatique et \u00e9liminer les toxines accumul\u00e9es. La lymphe, contrairement au syst\u00e8me sanguin, n&rsquo;est pas activ\u00e9e par un pompage naturel. En raison de facteurs internes (comme la r\u00e9tention d&rsquo;eau ou des d\u00e9s\u00e9quilibres hormonaux) ou externes (tels que les perturbateurs endocriniens et la pollution), ce syst\u00e8me peut devenir moins efficace et n\u00e9cessiter une stimulation manuelle pour \u00eatre relanc\u00e9. Ce soin ne se limite pas \u00e0 affiner la silhouette : il aide \u00e0 r\u00e9duire les ballonnements, stimule le syst\u00e8me immunitaire et am\u00e9liore globalement votre sant\u00e9 et votre bien-\u00eatre.<br \/>\nEn seulement une s\u00e9ance, vous ressentez une sensation de l\u00e9g\u00e8ret\u00e9 incomparable et constatez des r\u00e9sultats visibles : une peau plus lisse, un corps d\u00e9gonfl\u00e9 et sculpt\u00e9, et une vitalit\u00e9 retrouv\u00e9e.<\/p>\n<\/div>\n<\/div>\n<\/div>\n<\/div>\n<\/div>\n<div  class=\"one\" style=\"margin-top:20px;margin-bottom:20px;background-color:#fef6f1;\" >\n<div class=\"standard_wrapper\">\n<div class=\"page_content_wrapper wide\">\n<div class=\"inner\">\n<div class=\"one_half\">\n<div class=\"image_classic_frame expand\">\n<div class=\"image_wrapper\"><a href=\"http:\/\/holistimeli.com\/wp-content\/uploads\/2024\/12\/WhatsApp-Image-2024-12-04-at-09.18.13.jpeg\" class=\"img_frame\"><img decoding=\"async\" src=\"http:\/\/holistimeli.com\/wp-content\/uploads\/2024\/12\/WhatsApp-Image-2024-12-04-at-09.18.13.jpeg\" alt=\"\" class=\"portfolio_img parallax_text\"\/><\/a><\/div>\n<\/div>\n<\/div>\n<div class=\"one_half last content_middle\" style=\"padding:20px;\">\n<h2 class=\"ppb_title\" style=\"color:#000000;\">Les Bienfaits du Drainage Lymphatique Corps<\/h2>\n<div class=\"ppb_header_content\">\n<p>En int\u00e9grant ce soin \u00e0 votre routine, vous pouvez profiter des nombreux bienfaits qu&rsquo;il procure :<br \/>\n&#8211; Effet d\u00e9tox imm\u00e9diat : \u00e9limination des toxines et r\u00e9duction des r\u00e9tentions d&rsquo;eau.<br \/>\n&#8211; Action anti-ballonnements : un ventre plus plat et une sensation de l\u00e9g\u00e8ret\u00e9.<br \/>\n&#8211; Renforcement du syst\u00e8me immunitaire : une meilleure r\u00e9sistance aux infections gr\u00e2ce \u00e0 la stimulation lymphatique.<br \/>\n&#8211; Am\u00e9lioration de la circulation sanguine et lymphatique :  soulage les jambes lourdes et les gonflements.<br \/>\n&#8211; Effet sculptant : une silhouette redessin\u00e9e et des contours mieux d\u00e9finis.<br \/>\n&#8211; Soin post-op\u00e9ratoire : r\u00e9duction des \u0153d\u00e8mes, am\u00e9lioration de la cicatrisation et r\u00e9cup\u00e9ration acc\u00e9l\u00e9r\u00e9e.<br \/>\n&#8211; Relaxation profonde : un moment de d\u00e9tente pour le corps et l&rsquo;esprit.<\/p>\n<\/div>\n<\/div>\n<p><br class=\"clear\"\/><\/div>\n<\/div>\n<\/div>\n<\/div>\n<div  class=\"one withsmallpadding ppb_text\" style=\"text-align:center;padding:40px 0 40px 0;background-color:#ffffff;\" >\n<div class=\"standard_wrapper\">\n<div class=\"page_content_wrapper wide\">\n<div class=\"inner\">\n<div style=\"margin:auto;width:100%\">\n<blockquote>\n<p>Comment en Profiter ?<\/p>\n<\/blockquote>\n<p>Le drainage lymphatique peut \u00eatre r\u00e9alis\u00e9 en s\u00e9ance ponctuelle pour un coup de boost imm\u00e9diat ou en cure pour des effets durables.<br \/>\n<strong>Recommandation :<\/strong> <em>une cure de 5 s\u00e9ances, \u00e0 raison d&rsquo;une s\u00e9ance par semaine, est id\u00e9ale pour :<\/em><br \/>\n&#8211; D\u00e9toxifier durablement le corps.<br \/>\n&#8211; Pr\u00e9venir les ballonnements et favoriser une meilleure digestion.<br \/>\n&#8211; Retrouver une silhouette sculpt\u00e9e et l\u00e9g\u00e8re.<br \/>\n&#8211; Prolonger les bienfaits de chaque s\u00e9ance sur votre sant\u00e9 et votre bien-\u00eatre.<\/p>\n<p>En entretien, minimum 1 fois par mois.<\/p>\n<\/div>\n<\/div>\n<\/div>\n<\/div>\n<\/div>\n<div  class=\"one ppb_card_two_cols_with_image\" style=\"position:relative;padding:40px 0 40px 0;\" >\n<div class=\"standard_wrapper\">\n<div class=\"page_content_wrapper wide\">\n<div class=\"inner\">\n<div class=\"one_half parallax_scroll_image\" style=\"width:65%;\">\n<div class=\"image_classic_frame expand\">\n<div class=\"image_wrapper\"><img decoding=\"async\" src=\"http:\/\/holistimeli.com\/wp-content\/uploads\/2024\/12\/Holisti_Meli_BD-49.jpg\" alt=\"\" class=\"portfolio_img\"\/><\/div>\n<\/div>\n<\/div>\n<div class=\"one_half last parallax_scroll parallax_text\" style=\"width:40%;position:absolute;padding:40px;background:#fff;\" data-stellar-ratio=\"1.3\">\n<h2 class=\"ppb_title\" style=\"color:#f39c61;\">D\u00e9tox, Bien-\u00eatre et Silhouette Redessin\u00e9e<\/h2>\n<div class=\"ppb_header_content\">\n<p><strong>Contre-indications du Drainage Lymphatique Corps \u2013 M\u00e9thode Renata Fran\u00e7a<\/strong><\/p>\n<p>Bien que le drainage lymphatique soit b\u00e9n\u00e9fique pour la majorit\u00e9 des personnes, certaines conditions n\u00e9cessitent de reporter ou d&rsquo;\u00e9viter ce soin :<br \/>\n&#8211; Fi\u00e8vre ou infections actives.<br \/>\n&#8211; Thrombose ou phl\u00e9bite r\u00e9cente.<br \/>\n&#8211; Pathologies cardiaques graves.<br \/>\n&#8211; Traitements en cours pour un cancer (chimioth\u00e9rapie ou radioth\u00e9rapie).<br \/>\n&#8211; Prise d&rsquo;anti-inflammatoires ou d&rsquo;antibiotiques.<br \/>\n&#8211; Plaies ouvertes ou maladies de peau inflammatoires (ecz\u00e9ma, psoriasis).<br \/>\n&#8211; Interventions chirurgicales r\u00e9centes (moins de 4 semaines).<br \/>\n&#8211; Grossesse sans avis m\u00e9dical pr\u00e9alable.<\/p>\n<p><em>Pour toute situation sp\u00e9cifique, n&rsquo;h\u00e9sitez pas \u00e0 consulter votre m\u00e9decin avant de r\u00e9server votre s\u00e9ance.<\/em><\/p>\n<\/div>\n<\/div>\n<p><br class=\"clear\"\/><\/div>\n<\/div>\n<\/div>\n<\/div>\n<\/div>\n<div class=\"standard_wrapper\">\n<div class=\"one withsmallpadding ppb_line_divider\"  style=\"text-align:center;padding:40px 0 40px 0;margin-top:60px;margin-bottom:60px;\" >\n<div class=\"page_content_wrapper wide\">\n<div class=\"inner\">\n<div class=\"line_divider_border\" style=\"width:100px;border-color:#fef6f1;\"><\/div>\n<div class=\"line_divider_seperator\"><i class=\"fa fa-leaf\" style=\"color:#fef6f1;\"><\/i><\/div>\n<div class=\"line_divider_border\" style=\"width:100px;border-color:#fef6f1;\"><\/div>\n<\/div>\n<\/div>\n<\/div>\n<\/div>\n<div  class=\"one withsmallpadding ppb_header \" style=\"text-align:center;padding:40px 0 40px 0;color:#000000;\" >\n<div class=\"standard_wrapper\">\n<div class=\"page_content_wrapper wide\">\n<div class=\"inner\">\n<div style=\"margin:auto;width:100%\">\n<h2 class=\"ppb_title\" style=\"color:#f39c61;\">Miracle Face Renata Fran\u00e7a<\/h2>\n<div class=\"page_tagline\" style=\"color:#000000;\">Un massage cibl\u00e9 du visage et du cou qui combine drainage lymphatique et lifting naturel, offrant un coup d&#039;\u00e9clat imm\u00e9diat, tonifiant la peau et redessinant les traits du visage.<\/div>\n<\/div>\n<\/div>\n<\/div>\n<\/div>\n<\/div>\n<div  class=\"one ppb_card_two_cols_with_image\" style=\"position:relative;padding:40px 0 40px 0;\" >\n<div class=\"standard_wrapper\">\n<div class=\"page_content_wrapper wide\">\n<div class=\"inner\">\n<div class=\"one_half parallax_scroll_image\" style=\"width:65%;\">\n<div class=\"image_classic_frame expand\">\n<div class=\"image_wrapper\"><img decoding=\"async\" src=\"http:\/\/holistimeli.com\/wp-content\/uploads\/2024\/12\/logo-vertical-noir-or-1024x577-1.jpg\" alt=\"\" class=\"portfolio_img\"\/><\/div>\n<\/div>\n<\/div>\n<div class=\"one_half last parallax_scroll parallax_text\" style=\"width:40%;position:absolute;padding:40px;background:#fff;\" data-stellar-ratio=\"1.3\">\n<h2 class=\"ppb_title\" style=\"color:#f39c61;\">Le Miracle Face &#8211; M\u00e9thode Renata Fran\u00e7a : Le Soin Qui Sublime Votre Visage<\/h2>\n<div class=\"ppb_header_content\">\n<p>D\u00e9couvrez le Miracle Face, un massage r\u00e9volutionnaire qui cible le cou et le visage pour allier drainage lymphatique, remodelage et lifting naturel. En quelques minutes seulement, ce soin vous offre un v\u00e9ritable moment de d\u00e9tente tout en r\u00e9v\u00e9lant une beaut\u00e9 \u00e9clatante et en procurant des bienfaits th\u00e9rapeutiques.<br \/>\n<strong>Un Soin Esth\u00e9tique et Th\u00e9rapeutique<\/strong><br \/>\nLe Miracle Face ne se limite pas \u00e0 sublimer votre visage : il agit en profondeur pour soulager des probl\u00e8mes chroniques comme les sinusites ou les migraines, en plus de ses bienfaits esth\u00e9tiques. Il d\u00e9sengorge les tissus, redessine les traits et booste l&rsquo;\u00e9clat naturel de votre peau.<br \/>\nL&rsquo;essayer, c&rsquo;est l&rsquo;adopter : un effet liftant imm\u00e9diat, une peau lumineuse et une sensation de l\u00e9g\u00e8ret\u00e9 in\u00e9gal\u00e9e.<\/p>\n<\/div>\n<\/div>\n<p><br class=\"clear\"\/><\/div>\n<\/div>\n<\/div>\n<\/div>\n<\/div>\n<div class=\"standard_wrapper\">\n<div class=\"one withsmallpadding ppb_line_divider\"  style=\"text-align:center;padding:40px 0 40px 0;margin-top:20px;margin-bottom:20px;\" >\n<div class=\"page_content_wrapper wide\">\n<div class=\"inner\">\n<div class=\"line_divider_border\" style=\"width:100px;border-color:#fef6f1;\"><\/div>\n<div class=\"line_divider_seperator\"><i class=\"fa fa-leaf\" style=\"color:#fef6f1;\"><\/i><\/div>\n<div class=\"line_divider_border\" style=\"width:100px;border-color:#fef6f1;\"><\/div>\n<\/div>\n<\/div>\n<\/div>\n<\/div>\n<div  class=\"one withsmallpadding ppb_text\" style=\"text-align:center;padding:40px 0 40px 0;background-color:#ffffff;\" >\n<div class=\"standard_wrapper\">\n<div class=\"page_content_wrapper wide\">\n<div class=\"inner\">\n<div style=\"margin:auto;width:100%\">\n<blockquote>\n<p>Les Bienfaits du Miracle Face<\/p>\n<\/blockquote>\n<p><em>En seulement 30 minutes, ce soin complet offre une multitude d&rsquo;effets b\u00e9n\u00e9fiques :<\/em><br \/>\n<strong>&#8211; Soulagement th\u00e9rapeutique :<\/strong> migraines chroniques, sinusites et inflammations r\u00e9duites.<br \/>\n<strong>&#8211; Un visage drain\u00e9 et sculpt\u00e9 :<\/strong> canaux lymphatiques d\u00e9sengorg\u00e9s et traits redessin\u00e9s.<br \/>\n<strong>&#8211; Un effet lifting imm\u00e9diat :<\/strong> rides et ridules att\u00e9nu\u00e9es, peau plus ferme.<br \/>\n<strong>&#8211; \u00c9clat instantan\u00e9 :<\/strong> peau lumineuse avec un effet \u00ab glow \u00bb naturel.<br \/>\n<strong>&#8211; Action anti-\u00e2ge :<\/strong> stimulation de la r\u00e9paration cellulaire et am\u00e9lioration de la qualit\u00e9 de la peau.<br \/>\n&#8211; R\u00e9d<strong>uction des cernes et des poches :<\/strong> une peau plus lisse et d\u00e9fatigu\u00e9e.<br \/>\n<strong>&#8211; Activation des processus naturels :<\/strong> meilleure oxyg\u00e9nation, d\u00e9toxification et cicatrisation des tissus.<\/p>\n<\/div>\n<\/div>\n<\/div>\n<\/div>\n<\/div>\n<div  class=\"one\" style=\"margin-top:20px;margin-bottom:20px;background-color:#fef6f1;\" >\n<div class=\"standard_wrapper\">\n<div class=\"page_content_wrapper wide\">\n<div class=\"inner\">\n<div class=\"one_half\">\n<div class=\"image_classic_frame expand\">\n<div class=\"image_wrapper\"><a href=\"http:\/\/holistimeli.com\/wp-content\/uploads\/2024\/12\/WhatsApp-Image-2024-12-04-at-09.15.58.jpeg\" class=\"img_frame\"><img decoding=\"async\" src=\"http:\/\/holistimeli.com\/wp-content\/uploads\/2024\/12\/WhatsApp-Image-2024-12-04-at-09.15.58.jpeg\" alt=\"\" class=\"portfolio_img parallax_text\"\/><\/a><\/div>\n<\/div>\n<\/div>\n<div class=\"one_half last content_middle\" style=\"padding:20px;\">\n<h2 class=\"ppb_title\" style=\"color:#000000;\">Comment en Profiter ?<\/h2>\n<div class=\"ppb_header_content\">\n<p><em>Le Miracle Face peut \u00eatre r\u00e9alis\u00e9 de mani\u00e8re ponctuelle pour un coup d&rsquo;\u00e9clat avant une occasion sp\u00e9ciale ou en cure pour des effets durables.<\/em><\/p>\n<p><strong>Recommandation :<\/strong> une cure de 5 s\u00e9ances, \u00e0 raison d&rsquo;une s\u00e9ance par semaine, est id\u00e9ale pour :<\/p>\n<p>&#8211; Retrouver une peau \u00e9clatante.<br \/>\n&#8211; R\u00e9duire durablement les poches et cernes.<br \/>\n&#8211; Assainir les tissus et pr\u00e9venir le vieillissement.<br \/>\n&#8211; Prolonger les bienfaits th\u00e9rapeutiques et esth\u00e9tiques.<br \/>\n&#8211; Les effets peuvent durer jusqu&rsquo;\u00e0 15 jours en fonction de votre hygi\u00e8ne de vie.<\/p>\n<\/div>\n<\/div>\n<p><br class=\"clear\"\/><\/div>\n<\/div>\n<\/div>\n<\/div>\n<div  class=\"one\" style=\"margin-top:20px;margin-bottom:20px;background-color:#fef6f1;\" >\n<div class=\"standard_wrapper\">\n<div class=\"page_content_wrapper wide\">\n<div class=\"inner\">\n<div class=\"one_half content_middle textright\" style=\"padding:20px;\">\n<h2 class=\"ppb_title\" style=\"color:#000000;\">Pour qui?<\/h2>\n<div class=\"ppb_header_content\">\n<p><em>Le Miracle Face est id\u00e9al pour celles et ceux qui souhaitent :<\/em><\/p>\n<p>&#8211; Pr\u00e9venir le vieillissement et am\u00e9liorer la qualit\u00e9 de leur peau.<br \/>\n&#8211; R\u00e9duire les rougeurs, poches et cernes.<br \/>\n&#8211; Booster leur \u00e9clat naturel avant un \u00e9v\u00e9nement sp\u00e9cial.<br \/>\n&#8211; Soutenir leur organisme en cas de r\u00e9tention d&rsquo;eau ou d&rsquo;un syst\u00e8me lymphatique affaibli.<\/p>\n<\/div>\n<\/div>\n<div class=\"one_half last\">\n<div class=\"image_classic_frame expand\">\n<div class=\"image_wrapper\"><a href=\"http:\/\/holistimeli.com\/wp-content\/uploads\/2024\/12\/WhatsApp-Image-2024-12-04-at-09.16.08.jpeg\" class=\"img_frame\"><img decoding=\"async\" src=\"http:\/\/holistimeli.com\/wp-content\/uploads\/2024\/12\/WhatsApp-Image-2024-12-04-at-09.16.08.jpeg\" alt=\"\" class=\"portfolio_img\"\/><\/a><\/div>\n<\/div>\n<\/div>\n<p><br class=\"clear\"\/><\/div>\n<\/div>\n<\/div>\n<\/div>\n<div  class=\"one withsmallpadding ppb_header \" style=\"text-align:center;padding:40px 0 40px 0;\" >\n<div class=\"standard_wrapper\">\n<div class=\"page_content_wrapper wide\">\n<div class=\"inner\">\n<div style=\"margin:auto;width:100%\">\n<h2 class=\"widgettitle\" style=\"\">Contre-indications du Miracle Face &#8211; M\u00e9thode Renata Fran\u00e7a<\/h2>\n<div class=\"ppb_header_content\"><a href=\"http:\/\/holistimeli.com\/wp-content\/uploads\/2024\/12\/contre_indication_miracle_face.png\" rel=\"noopener\" target=\"_blank\">T\u00e9l\u00e9charger ici la fiche de contre-indications<\/a><\/div>\n<\/div>\n<\/div>\n<\/div>\n<\/div>\n<\/div>\n","protected":false},"excerpt":{"rendered":"<p>Drainage lymphatique corps Renata Fran\u00e7a Un soin d\u00e9toxifiant et revitalisant qui stimule la circulation lymphatique, r\u00e9duit la r\u00e9tention d&#039;eau et affine la silhouette en \u00e9liminant les toxines et en am\u00e9liorant l&#039;immunit\u00e9. D\u00e9tox, Bien-\u00eatre et Silhouette Redessin\u00e9e Renata Fran\u00e7a, fondatrice de [&hellip;]<\/p>\n","protected":false},"author":1,"featured_media":0,"parent":0,"menu_order":0,"comment_status":"closed","ping_status":"closed","template":"","meta":{"_monsterinsights_skip_tracking":false,"_monsterinsights_sitenote_active":false,"_monsterinsights_sitenote_note":"","_monsterinsights_sitenote_category":0,"footnotes":""},"class_list":["post-3634","page","type-page","status-publish","hentry"],"aioseo_notices":[],"_links":{"self":[{"href":"https:\/\/holistimeli.com\/index.php\/wp-json\/wp\/v2\/pages\/3634","targetHints":{"allow":["GET"]}}],"collection":[{"href":"https:\/\/holistimeli.com\/index.php\/wp-json\/wp\/v2\/pages"}],"about":[{"href":"https:\/\/holistimeli.com\/index.php\/wp-json\/wp\/v2\/types\/page"}],"author":[{"embeddable":true,"href":"https:\/\/holistimeli.com\/index.php\/wp-json\/wp\/v2\/users\/1"}],"replies":[{"embeddable":true,"href":"https:\/\/holistimeli.com\/index.php\/wp-json\/wp\/v2\/comments?post=3634"}],"version-history":[{"count":29,"href":"https:\/\/holistimeli.com\/index.php\/wp-json\/wp\/v2\/pages\/3634\/revisions"}],"predecessor-version":[{"id":3834,"href":"https:\/\/holistimeli.com\/index.php\/wp-json\/wp\/v2\/pages\/3634\/revisions\/3834"}],"wp:attachment":[{"href":"https:\/\/holistimeli.com\/index.php\/wp-json\/wp\/v2\/media?parent=3634"}],"curies":[{"name":"wp","href":"https:\/\/api.w.org\/{rel}","templated":true}]}}