{"id":3637,"date":"2024-11-05T16:01:13","date_gmt":"2024-11-05T15:01:13","guid":{"rendered":"https:\/\/holistimeli.com\/?page_id=3637"},"modified":"2025-01-05T12:52:51","modified_gmt":"2025-01-05T11:52:51","slug":"massotherapie","status":"publish","type":"page","link":"https:\/\/holistimeli.com\/index.php\/massotherapie\/","title":{"rendered":"Massoth\u00e9rapie"},"content":{"rendered":"<div  class=\"one fullwidth \"><\/div>\n<div class=\"standard_wrapper\">\n<div class=\"one withsmallpadding ppb_line_divider\"  style=\"text-align:left;padding:0px 0 0px 0;\" >\n<div class=\"page_content_wrapper wide\">\n<div class=\"inner\">\n<div class=\"line_divider_border\" style=\"width:100px;border-color:#fef6f1;\"><\/div>\n<div class=\"line_divider_seperator\"><i class=\"fa fa-leaf\" style=\"color:#fef6f1;\"><\/i><\/div>\n<div class=\"line_divider_border\" style=\"width:100px;border-color:#fef6f1;\"><\/div>\n<\/div>\n<\/div>\n<\/div>\n<\/div>\n<div  class=\"one withsmallpadding ppb_header \" style=\"text-align:center;padding:40px 0 40px 0;color:#000000;\" >\n<div class=\"standard_wrapper\">\n<div class=\"page_content_wrapper wide\">\n<div class=\"inner\">\n<div style=\"margin:auto;width:100%\">\n<h2 class=\"ppb_title\" style=\"color:#f39c61;\">Le massage est un moment de bien-\u00eatre, une parenth\u00e8se o\u00f9 l&#039;on se retrouve, comme dans un cocon.<\/h2>\n<div class=\"page_tagline\" style=\"color:#000000;\">\nJe veille \u00e0 ce que vous soyez parfaitement \u00e0 l&#039;aise, dans une ambiance chaleureuse et relaxante, avec des bougies, des senteurs d\u00e9licates et une musique apaisante.<\/p>\n<\/div>\n<div class=\"ppb_header_content\"><em>Le confort de mes clientes est une priorit\u00e9 :<\/em><br \/>\n<em>ma table, \u00e9quip\u00e9e d&rsquo;une m\u00e9moire de forme et chauffante, a \u00e9t\u00e9 choisie pour garantir une exp\u00e9rience optimale.<\/em><\/p>\n<p><em>Je masse avec douceur et fermet\u00e9, en utilisant une huile v\u00e9g\u00e9tale bio pour prendre soin de votre peau et de vos sens<\/em><\/div>\n<\/div>\n<\/div>\n<\/div>\n<\/div>\n<\/div>\n<div  class=\"one ppb_card_two_cols_with_image\" style=\"position:relative;padding:40px 0 40px 0;\" >\n<div class=\"standard_wrapper\">\n<div class=\"page_content_wrapper wide\">\n<div class=\"inner\">\n<div class=\"one_half parallax_scroll_image\" style=\"width:65%;\">\n<div class=\"image_classic_frame expand\">\n<div class=\"image_wrapper\"><img decoding=\"async\" src=\"http:\/\/holistimeli.com\/wp-content\/uploads\/2024\/11\/Holisti_Meli_BD-69-scaled.jpg\" alt=\"\" class=\"portfolio_img\"\/><\/div>\n<\/div>\n<\/div>\n<div class=\"one_half last parallax_scroll parallax_text\" style=\"width:40%;position:absolute;padding:40px;background:#fff;\" data-stellar-ratio=\"1.3\">\n<h2 class=\"ppb_title\" style=\"color:#f39c61;\">Massage Relaxant \u00e0 l&#039;Huile Chaude<\/h2>\n<div class=\"ppb_header_content\">\n<p>Gr\u00e2ce \u00e0 une huile chaude, je r\u00e9alise un massage con\u00e7u pour lib\u00e9rer les tensions musculaires, apaiser le stress, et soulager les douleurs telles que celles des lombaires.<br \/>\nAussi bien avec un massage complet du corps qu&rsquo;un massage visage crane buste, je r\u00e9alise ce soin avec douceur et fluidit\u00e9.<br \/>\nJ&rsquo;aide \u00e9galement \u00e0 lib\u00e9rer les \u00e9motions enfouies et \u00e0 r\u00e9tablir une harmonie physique et mentale. Id\u00e9al pour retrouver s\u00e9r\u00e9nit\u00e9 et l\u00e9g\u00e8ret\u00e9 dans votre quotidien.<\/p>\n<\/div>\n<\/div>\n<p><br class=\"clear\"\/><\/div>\n<\/div>\n<\/div>\n<\/div>\n<\/div>\n<div class=\"standard_wrapper\">\n<div class=\"one withsmallpadding ppb_line_divider\"  style=\"text-align:center;padding:0px 0 0px 0;margin-top:30px;margin-bottom:30px;\" >\n<div class=\"page_content_wrapper wide\">\n<div class=\"inner\">\n<div class=\"line_divider_border\" style=\"width:100px;border-color:#fef6f1;\"><\/div>\n<div class=\"line_divider_seperator\"><i class=\"fa fa-leaf\" style=\"color:#fef6f1;\"><\/i><\/div>\n<div class=\"line_divider_border\" style=\"width:100px;border-color:#fef6f1;\"><\/div>\n<\/div>\n<\/div>\n<\/div>\n<\/div>\n<div  class=\"one ppb_card_two_cols_with_image\" style=\"position:relative;padding:40px 0 40px 0;\" >\n<div class=\"standard_wrapper\">\n<div class=\"page_content_wrapper wide\">\n<div class=\"inner\">\n<div class=\"one_half parallax_scroll parallax_text\" style=\"width:40%;position:absolute;padding:40px;z-index:2;block !important;background:#fff;\" data-stellar-ratio=\"1.3\">\n<h2 class=\"ppb_title\" style=\"color:#f39c61;\">Massage aux pierres chaudes<\/h2>\n<div class=\"ppb_header_content\">\n<p>Gr\u00e2ce \u00e0 une huile chaude, je r\u00e9alise un massage con\u00e7u pour lib\u00e9rer les tensions musculaires, apaiser le stress, et soulager les douleurs telles que celles des lombaires.<br \/>\nLes pierres volcaniques, chauff\u00e9es \u00e0 l&rsquo;eau chaude, diffusent une chaleur constante tout au long du massage.<br \/>\nId\u00e9al pour les p\u00e9riodes hivernales et les douleurs articulaires, ce massage doux offre un rel\u00e2chement musculaire imm\u00e9diat. Les pierres sont utilis\u00e9es pour masser, avec une pr\u00e9sence r\u00e9duite des mains.<br \/>\n<strong>D\u00e9conseill\u00e9 aux personnes souffrant de probl\u00e8mes circulatoires.<\/strong><\/p>\n<\/div>\n<\/div>\n<div class=\"one_half parallax_scroll_image last\" style=\"width:65%;\">\n<div class=\"image_classic_frame expand\">\n<div class=\"image_wrapper\"><img decoding=\"async\" src=\"http:\/\/holistimeli.com\/wp-content\/uploads\/2024\/12\/AdobeStock_298223838-scaled.jpeg\" alt=\"\" class=\"portfolio_img\"\/><\/div>\n<\/div>\n<\/div>\n<p><br class=\"clear\"\/><\/div>\n<\/div>\n<\/div>\n<\/div>\n<\/div>\n<div class=\"standard_wrapper\">\n<div class=\"one withsmallpadding ppb_line_divider\"  style=\"text-align:center;padding:0px 0 0px 0;margin-top:30px;margin-bottom:30px;\" >\n<div class=\"page_content_wrapper wide\">\n<div class=\"inner\">\n<div class=\"line_divider_border\" style=\"width:100px;border-color:#fef6f1;\"><\/div>\n<div class=\"line_divider_seperator\"><i class=\"fa fa-leaf\" style=\"color:#fef6f1;\"><\/i><\/div>\n<div class=\"line_divider_border\" style=\"width:100px;border-color:#fef6f1;\"><\/div>\n<\/div>\n<\/div>\n<\/div>\n<\/div>\n<div  class=\"one ppb_card_two_cols_with_image\" style=\"position:relative;padding:40px 0 40px 0;\" >\n<div class=\"standard_wrapper\">\n<div class=\"page_content_wrapper wide\">\n<div class=\"inner\">\n<div class=\"one_half parallax_scroll_image\" style=\"width:65%;\">\n<div class=\"image_classic_frame expand\">\n<div class=\"image_wrapper\"><img decoding=\"async\" src=\"http:\/\/holistimeli.com\/wp-content\/uploads\/2024\/12\/Holisti_Meli_BD-enceinte-scaled.jpg\" alt=\"\" class=\"portfolio_img\"\/><\/div>\n<\/div>\n<\/div>\n<div class=\"one_half last parallax_scroll parallax_text\" style=\"width:40%;position:absolute;padding:40px;background:#fff;\" data-stellar-ratio=\"1.3\">\n<h2 class=\"ppb_title\" style=\"color:#f39c61;\">Massage pr\u00e9natal<\/h2>\n<div class=\"ppb_header_content\">\n<p>Un moment de douceur adapt\u00e9 pour la future maman et son b\u00e9b\u00e9 qui ressent toutes les \u00e9motions. Durant la grossesse, la maman peut ressentir des inconforts, comme le mauvais sommeil, les douleurs lombaires, la fatigue, la naus\u00e9e, les jambes lourdes.. Le massage pr\u00e9natal est un massage doux et englobant, le corps entier est mass\u00e9 sauf le ventre. C&rsquo;est une harmonie de d\u00e9tente et de repos pour la maman et son b\u00e9b\u00e9.<br \/>\nL&rsquo;huile v\u00e9g\u00e9tale bio est excellente pour la peau de la future maman afin de l&rsquo;hydrater en toute s\u00e9curit\u00e9. Aucune huile essentielle ne sera diffus\u00e9e.<br \/>\nSelon l&rsquo;avanc\u00e9e de votre grossesse, des coussins seront install\u00e9s pour faciliter le confort d&rsquo;un massage sur le c\u00f4t\u00e9.<br \/>\nJe m&rsquo;adapte \u00e0 votre posture afin de vous offrir un vrai moment de d\u00e9tente.<\/p>\n<\/div>\n<\/div>\n<p><br class=\"clear\"\/><\/div>\n<\/div>\n<\/div>\n<\/div>\n<\/div>\n<div class=\"standard_wrapper\">\n<div class=\"one withsmallpadding ppb_line_divider\"  style=\"text-align:center;padding:0px 0 0px 0;margin-top:30px;margin-bottom:30px;\" >\n<div class=\"page_content_wrapper wide\">\n<div class=\"inner\">\n<div class=\"line_divider_border\" style=\"width:100px;border-color:#fef6f1;\"><\/div>\n<div class=\"line_divider_seperator\"><i class=\"fa fa-leaf\" style=\"color:#fef6f1;\"><\/i><\/div>\n<div class=\"line_divider_border\" style=\"width:100px;border-color:#fef6f1;\"><\/div>\n<\/div>\n<\/div>\n<\/div>\n<\/div>\n<div  class=\"one ppb_card_two_cols_with_image\" style=\"position:relative;padding:40px 0 40px 0;\" >\n<div class=\"standard_wrapper\">\n<div class=\"page_content_wrapper wide\">\n<div class=\"inner\">\n<div class=\"one_half parallax_scroll parallax_text\" style=\"width:40%;position:absolute;padding:40px;z-index:2;block !important;background:#fff;\" data-stellar-ratio=\"1.3\">\n<h2 class=\"ppb_title\" style=\"color:#f39c61;\">Massage pour enfant<\/h2>\n<div class=\"ppb_header_content\">\n<p>Je vous laisse le choix d&rsquo;accompagner votre enfant durant le massage ou non.<br \/>\nPour la petite histoire, ma tante m&rsquo;a offert mon premier massage \u00e0 mes 14 ans et cela a \u00e9t\u00e9 un vrai moment de douceur dont je me souviens encore aujourd&rsquo;hui.<\/p>\n<\/div>\n<\/div>\n<div class=\"one_half parallax_scroll_image last\" style=\"width:65%;\">\n<div class=\"image_classic_frame expand\">\n<div class=\"image_wrapper\"><img decoding=\"async\" src=\"http:\/\/holistimeli.com\/wp-content\/uploads\/2017\/06\/KURSHI-SPA-KIDS.jpg\" alt=\"\" class=\"portfolio_img\"\/><\/div>\n<\/div>\n<\/div>\n<p><br class=\"clear\"\/><\/div>\n<\/div>\n<\/div>\n<\/div>\n<\/div>\n<div class=\"standard_wrapper\">\n<div class=\"one withsmallpadding ppb_line_divider\"  style=\"text-align:center;padding:0px 0 0px 0;margin-top:30px;margin-bottom:30px;\" >\n<div class=\"page_content_wrapper wide\">\n<div class=\"inner\">\n<div class=\"line_divider_border\" style=\"width:100px;border-color:#fef6f1;\"><\/div>\n<div class=\"line_divider_seperator\"><i class=\"fa fa-leaf\" style=\"color:#fef6f1;\"><\/i><\/div>\n<div class=\"line_divider_border\" style=\"width:100px;border-color:#fef6f1;\"><\/div>\n<\/div>\n<\/div>\n<\/div>\n<\/div>\n<div  class=\"one withsmallpadding ppb_text\" style=\"text-align:left;padding:40px 0 40px 0;\" >\n<div class=\"standard_wrapper\">\n<div class=\"page_content_wrapper wide\">\n<div class=\"inner\">\n<div style=\"margin:auto;width:100%\">\n<blockquote>\n<p>Le massage, exclusivement destin\u00e9 aux femmes et aux enfants, offre un moment unique de bien-\u00eatre et de relaxation. Dans une ambiance chaleureuse et apaisante, chaque geste est con\u00e7u pour soulager les tensions et favoriser un profond l\u00e2cher-prise.<\/p>\n<\/blockquote>\n<\/div>\n<\/div>\n<\/div>\n<\/div>\n<\/div>\n<div class=\"standard_wrapper\">\n<div class=\"one withsmallpadding ppb_line_divider\"  style=\"text-align:center;padding:0px 0 0px 0;margin-top:30px;margin-bottom:30px;\" >\n<div class=\"page_content_wrapper wide\">\n<div class=\"inner\">\n<div class=\"line_divider_border\" style=\"width:100px;border-color:#fef6f1;\"><\/div>\n<div class=\"line_divider_seperator\"><i class=\"fa fa-leaf\" style=\"color:#fef6f1;\"><\/i><\/div>\n<div class=\"line_divider_border\" style=\"width:100px;border-color:#fef6f1;\"><\/div>\n<\/div>\n<\/div>\n<\/div>\n<\/div>\n","protected":false},"excerpt":{"rendered":"<p>Le massage est un moment de bien-\u00eatre, une parenth\u00e8se o\u00f9 l&#039;on se retrouve, comme dans un cocon. Je veille \u00e0 ce que vous soyez parfaitement \u00e0 l&#039;aise, dans une ambiance chaleureuse et relaxante, avec des bougies, des senteurs d\u00e9licates et [&hellip;]<\/p>\n","protected":false},"author":1,"featured_media":0,"parent":0,"menu_order":0,"comment_status":"closed","ping_status":"closed","template":"","meta":{"_monsterinsights_skip_tracking":false,"_monsterinsights_sitenote_active":false,"_monsterinsights_sitenote_note":"","_monsterinsights_sitenote_category":0,"footnotes":""},"class_list":["post-3637","page","type-page","status-publish","hentry"],"aioseo_notices":[],"_links":{"self":[{"href":"https:\/\/holistimeli.com\/index.php\/wp-json\/wp\/v2\/pages\/3637","targetHints":{"allow":["GET"]}}],"collection":[{"href":"https:\/\/holistimeli.com\/index.php\/wp-json\/wp\/v2\/pages"}],"about":[{"href":"https:\/\/holistimeli.com\/index.php\/wp-json\/wp\/v2\/types\/page"}],"author":[{"embeddable":true,"href":"https:\/\/holistimeli.com\/index.php\/wp-json\/wp\/v2\/users\/1"}],"replies":[{"embeddable":true,"href":"https:\/\/holistimeli.com\/index.php\/wp-json\/wp\/v2\/comments?post=3637"}],"version-history":[{"count":15,"href":"https:\/\/holistimeli.com\/index.php\/wp-json\/wp\/v2\/pages\/3637\/revisions"}],"predecessor-version":[{"id":3833,"href":"https:\/\/holistimeli.com\/index.php\/wp-json\/wp\/v2\/pages\/3637\/revisions\/3833"}],"wp:attachment":[{"href":"https:\/\/holistimeli.com\/index.php\/wp-json\/wp\/v2\/media?parent=3637"}],"curies":[{"name":"wp","href":"https:\/\/api.w.org\/{rel}","templated":true}]}}