{"id":3640,"date":"2024-11-05T16:01:31","date_gmt":"2024-11-05T15:01:31","guid":{"rendered":"https:\/\/holistimeli.com\/?page_id=3640"},"modified":"2024-12-04T12:18:36","modified_gmt":"2024-12-04T11:18:36","slug":"reflexologie-plantaire","status":"publish","type":"page","link":"https:\/\/holistimeli.com\/index.php\/reflexologie-plantaire\/","title":{"rendered":"R\u00e9flexologie plantaire"},"content":{"rendered":"<div  class=\"one fullwidth \"><\/div>\n<div class=\"divider one\">&nbsp;<\/div>\n<div class=\"divider one\">&nbsp;<\/div>\n<div  class=\"one ppb_card_two_cols_with_image\" style=\"position:relative;padding:40px 0 40px 0;\" >\n<div class=\"standard_wrapper\">\n<div class=\"page_content_wrapper wide\">\n<div class=\"inner\">\n<div class=\"one_half parallax_scroll_image\" style=\"width:65%;\">\n<div class=\"image_classic_frame expand\">\n<div class=\"image_wrapper\"><img decoding=\"async\" src=\"http:\/\/holistimeli.com\/wp-content\/uploads\/2024\/12\/Holisti_Meli_BD-32-scaled.jpg\" alt=\"\" class=\"portfolio_img\"\/><\/div>\n<\/div>\n<\/div>\n<div class=\"one_half last parallax_scroll parallax_text\" style=\"width:40%;position:absolute;padding:40px;background:#fff;\" data-stellar-ratio=\"1.3\">\n<h2 class=\"ppb_title\" style=\"\">La R\u00e9flexologie Plantaire<\/h2>\n<div class=\"ppb_header_content\">\n<p>La r\u00e9flexologie plantaire est une m\u00e9thode d&rsquo;acupression douce qui agit sur l&rsquo;ensemble du corps. Chaque pied constitue une v\u00e9ritable cartographie o\u00f9 chaque zone r\u00e9flexe est connect\u00e9e \u00e0 un organe ou une fonction corporelle.<br \/>\nEn stimulant ces points sp\u00e9cifiques, des informations d&rsquo;autor\u00e9gulation sont transmises par la moelle \u00e9pini\u00e8re, permettant de r\u00e9duire l&rsquo;inconfort, les sympt\u00f4mes chroniques, les maladies ou encore le stress.<br \/>\nPour Qui ?<br \/>\nLa r\u00e9flexologie plantaire est accessible \u00e0 tous :<br \/>\nB\u00e9b\u00e9s et enfants (s\u00e9ances adapt\u00e9es selon leur \u00e2ge).<br \/>\nAdultes et seniors.<br \/>\nFemmes enceintes, apr\u00e8s signalement pr\u00e9alable (certaines zones ne seront pas stimul\u00e9es).<\/p>\n<\/div>\n<\/div>\n<p><br class=\"clear\"\/><\/div>\n<\/div>\n<\/div>\n<\/div>\n<\/div>\n<div  class=\"one ppb_card_two_cols_with_image\" style=\"position:relative;padding:40px 0 40px 0;\" >\n<div class=\"standard_wrapper\">\n<div class=\"page_content_wrapper wide\">\n<div class=\"inner\">\n<div class=\"one_half parallax_scroll parallax_text\" style=\"width:40%;position:absolute;padding:40px;z-index:2;block !important;background:#fff;\" data-stellar-ratio=\"1.3\">\n<h2 class=\"ppb_title\" style=\"\">Les Bienfaits<\/h2>\n<div class=\"ppb_header_content\">\n<p><strong>Cette technique apporte de nombreux b\u00e9n\u00e9fices :<\/strong><br \/>\n&#8211; Un profond l\u00e2cher-prise.<br \/>\n&#8211; Une d\u00e9tente physique et mentale durable.<br \/>\n&#8211; Une meilleure \u00e9coute de son corps.<br \/>\n&#8211; Une r\u00e9duction des tensions et du stress.<br \/>\n&#8211; Une stimulation du syst\u00e8me immunitaire.<br \/>\n&#8211; Une am\u00e9lioration globale de la qualit\u00e9 de vie.<\/p>\n<\/div>\n<\/div>\n<div class=\"one_half parallax_scroll_image last\" style=\"width:65%;\">\n<div class=\"image_classic_frame expand\">\n<div class=\"image_wrapper\"><img decoding=\"async\" src=\"http:\/\/holistimeli.com\/wp-content\/uploads\/2024\/11\/Holisti_Meli_BD-09.jpg\" alt=\"\" class=\"portfolio_img\"\/><\/div>\n<\/div>\n<\/div>\n<p><br class=\"clear\"\/><\/div>\n<\/div>\n<\/div>\n<\/div>\n<\/div>\n<div  class=\"one ppb_card_two_cols_with_image\" style=\"position:relative;padding:40px 0 40px 0;\" >\n<div class=\"standard_wrapper\">\n<div class=\"page_content_wrapper wide\">\n<div class=\"inner\">\n<div class=\"one_half parallax_scroll_image\" style=\"width:65%;\">\n<div class=\"image_classic_frame expand\">\n<div class=\"image_wrapper\"><img decoding=\"async\" src=\"http:\/\/holistimeli.com\/wp-content\/uploads\/2024\/11\/Holisti_Meli_BD-25.jpg\" alt=\"\" class=\"portfolio_img\"\/><\/div>\n<\/div>\n<\/div>\n<div class=\"one_half last parallax_scroll parallax_text\" style=\"width:40%;position:absolute;padding:40px;background:#fff;\" data-stellar-ratio=\"1.3\">\n<h2 class=\"ppb_title\" style=\"\">Contre-Indications<\/h2>\n<div class=\"ppb_header_content\">\n<p><strong>La r\u00e9flexologie plantaire est contre-indiqu\u00e9e dans les cas suivants :<\/strong><br \/>\n&#8211; Pr\u00e9sence d&rsquo;un pacemaker.<br \/>\n&#8211; Thrombose, phl\u00e9bite ou fi\u00e8vre.<br \/>\n&#8211; Entorse ou plaie ouverte sur le pied.<br \/>\n&#8211; (Femmes enceintes) : un signalement pr\u00e9alable est indispensable.<\/p>\n<\/div>\n<\/div>\n<p><br class=\"clear\"\/><\/div>\n<\/div>\n<\/div>\n<\/div>\n<\/div>\n<div  class=\"one ppb_card_two_cols_with_image\" style=\"position:relative;padding:40px 0 40px 0;\" >\n<div class=\"standard_wrapper\">\n<div class=\"page_content_wrapper wide\">\n<div class=\"inner\">\n<div class=\"one_half parallax_scroll parallax_text\" style=\"width:40%;position:absolute;padding:40px;z-index:2;block !important;background:#fff;\" data-stellar-ratio=\"1.3\">\n<h2 class=\"ppb_title\" style=\"\">Pourquoi Choisir la R\u00e9flexologie Plantaire ?<\/h2>\n<div class=\"ppb_header_content\">\n<p><strong>Cette th\u00e9rapie s&rsquo;adresse aux personnes cherchant :<\/strong><br \/>\n&#8211; \u00c0 am\u00e9liorer leur bien-\u00eatre ou \u00e0 compl\u00e9ter un traitement m\u00e9dical ou psychologique.<br \/>\n&#8211; \u00c0 soulager des troubles tels que le stress, le mauvais sommeil, ou le burn-out.<br \/>\n&#8211; \u00c0 stabiliser ou dynamiser leur syst\u00e8me hormonal (notamment chez les femmes).<br \/>\n&#8211; \u00c0 apaiser des douleurs chroniques, migraines, allergies, ou tensions musculaires.<br \/>\n&#8211; \u00c0 am\u00e9liorer des troubles digestifs ou des probl\u00e8mes de transit.<\/p>\n<\/div>\n<\/div>\n<div class=\"one_half parallax_scroll_image last\" style=\"width:65%;\">\n<div class=\"image_classic_frame expand\">\n<div class=\"image_wrapper\"><img decoding=\"async\" src=\"http:\/\/holistimeli.com\/wp-content\/uploads\/2024\/11\/Holisti_Meli_BD-05.jpg\" alt=\"\" class=\"portfolio_img\"\/><\/div>\n<\/div>\n<\/div>\n<p><br class=\"clear\"\/><\/div>\n<\/div>\n<\/div>\n<\/div>\n<\/div>\n<div class=\"standard_wrapper\">\n<div class=\"one withsmallpadding ppb_line_divider\"  style=\"text-align:center;padding:60px 0 60px 0;margin-top:50px;margin-bottom:5px;\" >\n<div class=\"page_content_wrapper wide\">\n<div class=\"inner\">\n<div class=\"line_divider_border\" style=\"width:275px;\"><\/div>\n<div class=\"line_divider_seperator\"><i class=\"fa fa-leaf\" style=\"\"><\/i><\/div>\n<div class=\"line_divider_border\" style=\"width:275px;\"><\/div>\n<\/div>\n<\/div>\n<\/div>\n<\/div>\n<div  class=\"one withsmallpadding ppb_header \" style=\"text-align:center;padding:40px 0 40px 0;\" >\n<div class=\"standard_wrapper\">\n<div class=\"page_content_wrapper wide\">\n<div class=\"inner\">\n<div style=\"margin:auto;width:100%\">\n<h2 class=\"ppb_title\" style=\"\">contactez-moi<\/h2>\n<div class=\"ppb_header_content\">Pour toute demande d&rsquo;information ou pour organiser une s\u00e9ance personnalis\u00e9e, n&rsquo;h\u00e9sitez pas \u00e0 me contacter.<\/p>\n<p>Je suis \u00e0 votre \u00e9coute pour vous accompagner vers un bien-\u00eatre global et durable.<\/p><\/div>\n<\/div>\n<\/div>\n<\/div>\n<\/div>\n<\/div>\n<div class=\"standard_wrapper\">\n<div class=\"one withsmallpadding ppb_line_divider\"  style=\"text-align:center;padding:60px 0 60px 0;\" >\n<div class=\"page_content_wrapper wide\">\n<div class=\"inner\">\n<div class=\"line_divider_border\" style=\"width:275px;\"><\/div>\n<div class=\"line_divider_seperator\"><i class=\"fa fa-leaf\" style=\"\"><\/i><\/div>\n<div class=\"line_divider_border\" style=\"width:275px;\"><\/div>\n<\/div>\n<\/div>\n<\/div>\n<\/div>\n","protected":false},"excerpt":{"rendered":"<p>&nbsp; &nbsp; La R\u00e9flexologie Plantaire La r\u00e9flexologie plantaire est une m\u00e9thode d&rsquo;acupression douce qui agit sur l&rsquo;ensemble du corps. Chaque pied constitue une v\u00e9ritable cartographie o\u00f9 chaque zone r\u00e9flexe est connect\u00e9e \u00e0 un organe ou une fonction corporelle. En stimulant [&hellip;]<\/p>\n","protected":false},"author":1,"featured_media":0,"parent":0,"menu_order":0,"comment_status":"closed","ping_status":"closed","template":"","meta":{"_monsterinsights_skip_tracking":false,"_monsterinsights_sitenote_active":false,"_monsterinsights_sitenote_note":"","_monsterinsights_sitenote_category":0,"footnotes":""},"class_list":["post-3640","page","type-page","status-publish","hentry"],"aioseo_notices":[],"_links":{"self":[{"href":"https:\/\/holistimeli.com\/index.php\/wp-json\/wp\/v2\/pages\/3640","targetHints":{"allow":["GET"]}}],"collection":[{"href":"https:\/\/holistimeli.com\/index.php\/wp-json\/wp\/v2\/pages"}],"about":[{"href":"https:\/\/holistimeli.com\/index.php\/wp-json\/wp\/v2\/types\/page"}],"author":[{"embeddable":true,"href":"https:\/\/holistimeli.com\/index.php\/wp-json\/wp\/v2\/users\/1"}],"replies":[{"embeddable":true,"href":"https:\/\/holistimeli.com\/index.php\/wp-json\/wp\/v2\/comments?post=3640"}],"version-history":[{"count":27,"href":"https:\/\/holistimeli.com\/index.php\/wp-json\/wp\/v2\/pages\/3640\/revisions"}],"predecessor-version":[{"id":3789,"href":"https:\/\/holistimeli.com\/index.php\/wp-json\/wp\/v2\/pages\/3640\/revisions\/3789"}],"wp:attachment":[{"href":"https:\/\/holistimeli.com\/index.php\/wp-json\/wp\/v2\/media?parent=3640"}],"curies":[{"name":"wp","href":"https:\/\/api.w.org\/{rel}","templated":true}]}}